{"id":104,"date":"2011-11-28T18:53:27","date_gmt":"2011-11-28T17:53:27","guid":{"rendered":"http:\/\/2cvorhin.fr\/WordPress3\/?page_id=104"},"modified":"2024-07-06T21:53:08","modified_gmt":"2024-07-06T19:53:08","slug":"annee-2010","status":"publish","type":"page","link":"https:\/\/2cvorhin.fr\/WordPress3\/?page_id=104","title":{"rendered":"Les autres ann\u00e9es"},"content":{"rendered":"<p style=\"padding-left: 30px;\"><em>Le journal du club LA CIGODEUCHE <\/em><\/p>\n<p style=\"padding-left: 30px;\"><a href=\"https:\/\/2cvorhin.fr\/WordPress3\/wp-content\/uploads\/2012\/02\/cigo2010.pdf\" target=\"_blank\" rel=\"noopener\">le journal de l&rsquo;ann\u00e9e 2010<\/a><\/p>\n<p style=\"padding-left: 30px;\"><a title=\"le journal de l'ann\u00e9e 2009\" href=\"https:\/\/2cvorhin.fr\/WordPress3\/wp-content\/uploads\/2012\/02\/cigo2009.pdf\" target=\"_blank\" rel=\"noopener\">le journal de l&rsquo;ann\u00e9e 2009<\/a><\/p>\n<p style=\"padding-left: 30px;\"><a href=\"https:\/\/2cvorhin.fr\/WordPress3\/wp-content\/uploads\/2012\/02\/cigo2008.pdf\" target=\"_blank\" rel=\"noopener\">le journal de l&rsquo;ann\u00e9e 2008<\/a><\/p>\n<p style=\"padding-left: 30px;\"><a href=\"https:\/\/2cvorhin.fr\/WordPress3\/wp-content\/uploads\/2012\/02\/cigo2007.pdf\" target=\"_blank\" rel=\"noopener\">le journal de l&rsquo;ann\u00e9e 2007<\/a><\/p>\n<p style=\"padding-left: 30px;\"><a href=\"https:\/\/2cvorhin.fr\/WordPress3\/wp-content\/uploads\/2012\/02\/cigo2006.pdf\" target=\"_blank\" rel=\"noopener\">le journal de l&rsquo;ann\u00e9e 2006<\/a><\/p>\n<p style=\"padding-left: 30px;\">\n","protected":false},"excerpt":{"rendered":"<p>Le journal du club LA CIGODEUCHE le journal de l&rsquo;ann\u00e9e 2010 le journal de l&rsquo;ann\u00e9e 2009 le journal de l&rsquo;ann\u00e9e 2008 le journal de l&rsquo;ann\u00e9e 2007 le journal de l&rsquo;ann\u00e9e 2006<\/p>\n","protected":false},"author":1,"featured_media":0,"parent":141,"menu_order":0,"comment_status":"closed","ping_status":"closed","template":"","meta":{"_editorskit_title_hidden":false,"_editorskit_reading_time":0,"_editorskit_is_block_options_detached":false,"_editorskit_block_options_position":"{}","om_disable_all_campaigns":false,"footnotes":""},"class_list":["post-104","page","type-page","status-publish","hentry","nodate","item-wrap"],"_links":{"self":[{"href":"https:\/\/2cvorhin.fr\/WordPress3\/index.php?rest_route=\/wp\/v2\/pages\/104","targetHints":{"allow":["GET"]}}],"collection":[{"href":"https:\/\/2cvorhin.fr\/WordPress3\/index.php?rest_route=\/wp\/v2\/pages"}],"about":[{"href":"https:\/\/2cvorhin.fr\/WordPress3\/index.php?rest_route=\/wp\/v2\/types\/page"}],"author":[{"embeddable":true,"href":"https:\/\/2cvorhin.fr\/WordPress3\/index.php?rest_route=\/wp\/v2\/users\/1"}],"replies":[{"embeddable":true,"href":"https:\/\/2cvorhin.fr\/WordPress3\/index.php?rest_route=%2Fwp%2Fv2%2Fcomments&post=104"}],"version-history":[{"count":27,"href":"https:\/\/2cvorhin.fr\/WordPress3\/index.php?rest_route=\/wp\/v2\/pages\/104\/revisions"}],"predecessor-version":[{"id":3772,"href":"https:\/\/2cvorhin.fr\/WordPress3\/index.php?rest_route=\/wp\/v2\/pages\/104\/revisions\/3772"}],"up":[{"embeddable":true,"href":"https:\/\/2cvorhin.fr\/WordPress3\/index.php?rest_route=\/wp\/v2\/pages\/141"}],"wp:attachment":[{"href":"https:\/\/2cvorhin.fr\/WordPress3\/index.php?rest_route=%2Fwp%2Fv2%2Fmedia&parent=104"}],"curies":[{"name":"wp","href":"https:\/\/api.w.org\/{rel}","templated":true}]}}