{"id":14,"date":"2011-11-21T12:59:05","date_gmt":"2011-11-21T11:59:05","guid":{"rendered":"http:\/\/2cvorhin.fr\/WordPress3\/?page_id=14"},"modified":"2025-02-24T17:59:10","modified_gmt":"2025-02-24T16:59:10","slug":"contacts","status":"publish","type":"page","link":"https:\/\/2cvorhin.fr\/WordPress3\/?page_id=14","title":{"rendered":"Contacts"},"content":{"rendered":"<p><!-- Google tag (gtag.js) --><br \/><script async src=\"https:\/\/www.googletagmanager.com\/gtag\/js?id=G-P2GRHBYPL7\"><\/script><br \/><script><br \/>\n  window.dataLayer = window.dataLayer || [];<br \/>\n  function gtag(){dataLayer.push(arguments);}<br \/>\n  gtag('js', new Date());<\/p>\n<p>  gtag('config', 'G-P2GRHBYPL7');<br \/>\n<\/script><br \/>Pour prendre contact et nous rejoindre.<\/p>\n<p>Pr\u00e9sident : Patrick TSCHIRRET<br \/>T\u00e9l : 06 19 60 81 26<\/p>\n<p>Tr\u00e9sori\u00e8re : Paule KARRER<\/p>\n<p>Secr\u00e9taire : Elisabeth IMBERY<\/p>\n<p>Local et Gestion Mat\u00e9riel\u00a0 : Patrick TSCHIRRET<br \/>T\u00e9l : 06 19 60 81 26<\/p>\n<p>Boutique : Jocelyn WERDERER<br \/>T\u00e9l : 06 10 93 94 27<\/p>\n<p>Logistique : Francis Fix<br \/>T\u00e9l : 06 77 08 33 29<\/p>\n<p>Commande de pi\u00e8ces\u00a0 : Fran\u00e7ois ZUSSY<br \/>Mail: cde.pieces@2cvorhin.fr<\/p>\n<p>Adresse du club :\u00a0\u00a0<strong><em>2CV-\u00d4-Rhin\u00a0 &#8212;\u00a0 3 rue de la Scierie\u00a0 68610\u00a0 LAUTENBACH-ZELL<\/em><\/strong><\/p>\n<p><span style=\"color: #444444;\"><a href=\"https:\/\/2cvorhin.fr\/WordPress3\/?page_id=378\">Page \u00ab\u00a0Pr\u00e9sentation du club\u00a0\u00bb <\/a><\/span><\/p>\n<p>Acc\u00e9der au\u00a0 <a href=\"https:\/\/2cvorhin.fr\/WordPress3\/wp-content\/uploads\/2024\/12\/bulletin_adhesion_club_2025.pdf\" target=\"_blank\" rel=\"noopener\"> Bulletin d&rsquo;inscriptions 2CV-\u00d4-Rhin 2025<\/a><\/p>\n<p>Contacts\u00a0 par courriel\u00a0\u00a0<a href=\"mailto:postmaster@2cvorhin.fr\">postmaster@2cvorhin.fr<\/a><\/p>\n<p>ou\u00a0 utilisez le formulaire de contact ci-dessous. Nous vous r\u00e9pondrons dans les meilleurs d\u00e9lais .<\/p>\n\n<div class=\"wpforms-container wpforms-container-full wpforms-block wpforms-block-6a1a0f6b-ea11-48b5-a0f5-6d1266c1b53b wpforms-render-modern\" id=\"wpforms-3898\"><form id=\"wpforms-form-3898\" class=\"wpforms-validate wpforms-form wpforms-ajax-form\" data-formid=\"3898\" method=\"post\" enctype=\"multipart\/form-data\" action=\"\/WordPress3\/index.php?rest_route=%2Fwp%2Fv2%2Fpages%2F14\" data-token=\"a8b521f98bcbf714a4b862444889dc07\" data-token-time=\"1776167877\"><noscript class=\"wpforms-error-noscript\">Veuillez activer JavaScript dans votre navigateur pour remplir ce formulaire.<\/noscript><div id=\"wpforms-error-noscript\" style=\"display: none;\">Veuillez activer JavaScript dans votre navigateur pour remplir ce formulaire.<\/div><div class=\"wpforms-field-container\"><div id=\"wpforms-3898-field_1-container\" class=\"wpforms-field wpforms-field-name\" data-field-id=\"1\"><fieldset><legend class=\"wpforms-field-label\">Nom <span class=\"wpforms-required-label\" aria-hidden=\"true\">*<\/span><\/legend><div class=\"wpforms-field-row wpforms-field-medium\"><div class=\"wpforms-field-row-block wpforms-first wpforms-one-half\"><input type=\"text\" id=\"wpforms-3898-field_1\" class=\"wpforms-field-name-first wpforms-field-required\" name=\"wpforms[fields][1][first]\" aria-errormessage=\"wpforms-3898-field_1-error\" required><label for=\"wpforms-3898-field_1\" class=\"wpforms-field-sublabel after\">Pr\u00e9nom<\/label><\/div><div class=\"wpforms-field-row-block wpforms-one-half\"><input type=\"text\" id=\"wpforms-3898-field_1-last\" class=\"wpforms-field-name-last wpforms-field-required\" name=\"wpforms[fields][1][last]\" aria-errormessage=\"wpforms-3898-field_1-last-error\" required><label for=\"wpforms-3898-field_1-last\" class=\"wpforms-field-sublabel after\">Nom<\/label><\/div><\/div><\/fieldset><\/div><div id=\"wpforms-3898-field_2-container\" class=\"wpforms-field wpforms-field-email\" data-field-id=\"2\"><label class=\"wpforms-field-label\" for=\"wpforms-3898-field_2\">E-mail <span class=\"wpforms-required-label\" aria-hidden=\"true\">*<\/span><\/label><input type=\"email\" id=\"wpforms-3898-field_2\" class=\"wpforms-field-medium wpforms-field-required\" name=\"wpforms[fields][2]\" spellcheck=\"false\" aria-errormessage=\"wpforms-3898-field_2-error\" required><\/div>\t\t<div id=\"wpforms-3898-field_4-container\"\n\t\t\tclass=\"wpforms-field wpforms-field-text\"\n\t\t\tdata-field-type=\"text\"\n\t\t\tdata-field-id=\"4\"\n\t\t\t>\n\t\t\t<label class=\"wpforms-field-label\" for=\"wpforms-3898-field_4\" >E-mail message ou<\/label>\n\t\t\t<input type=\"text\" id=\"wpforms-3898-field_4\" class=\"wpforms-field-medium\" name=\"wpforms[fields][4]\" >\n\t\t<\/div>\n\t\t<div id=\"wpforms-3898-field_3-container\" class=\"wpforms-field wpforms-field-textarea\" data-field-id=\"3\"><label class=\"wpforms-field-label\" for=\"wpforms-3898-field_3\">Commentaire ou message<\/label><textarea id=\"wpforms-3898-field_3\" class=\"wpforms-field-medium\" name=\"wpforms[fields][3]\" aria-errormessage=\"wpforms-3898-field_3-error\" ><\/textarea><\/div><script>\n\t\t\t\t( function() {\n\t\t\t\t\tconst style = document.createElement( 'style' );\n\t\t\t\t\tstyle.appendChild( document.createTextNode( '#wpforms-3898-field_4-container { position: absolute !important; overflow: hidden !important; display: inline !important; height: 1px !important; width: 1px !important; z-index: -1000 !important; padding: 0 !important; } #wpforms-3898-field_4-container input { visibility: hidden; } #wpforms-conversational-form-page #wpforms-3898-field_4-container label { counter-increment: none; }' ) );\n\t\t\t\t\tdocument.head.appendChild( style );\n\t\t\t\t\tdocument.currentScript?.remove();\n\t\t\t\t} )();\n\t\t\t<\/script><\/div><!-- .wpforms-field-container --><div class=\"wpforms-submit-container\" ><input type=\"hidden\" name=\"wpforms[id]\" value=\"3898\"><input type=\"hidden\" name=\"page_title\" value=\"\"><input type=\"hidden\" name=\"page_url\" value=\"https:\/\/2cvorhin.fr\/WordPress3\/index.php?rest_route=\/wp\/v2\/pages\/14\"><input type=\"hidden\" name=\"url_referer\" value=\"\"><button type=\"submit\" name=\"wpforms[submit]\" id=\"wpforms-submit-3898\" class=\"wpforms-submit\" data-alt-text=\"Envoi...\" data-submit-text=\"Envoyer\" aria-live=\"assertive\" value=\"wpforms-submit\">Envoyer<\/button><img loading=\"lazy\" decoding=\"async\" src=\"https:\/\/2cvorhin.fr\/WordPress3\/wp-content\/plugins\/wpforms-lite\/assets\/images\/submit-spin.svg\" class=\"wpforms-submit-spinner\" style=\"display: none;\" width=\"26\" height=\"26\" alt=\"Chargement en cours\"><\/div><\/form><\/div>  <!-- .wpforms-container -->","protected":false},"excerpt":{"rendered":"<p>Pour prendre contact et nous rejoindre. Pr\u00e9sident : Patrick TSCHIRRETT\u00e9l : 06 19 60 81 26 Tr\u00e9sori\u00e8re : Paule KARRER Secr\u00e9taire : Elisabeth IMBERY Local et Gestion Mat\u00e9riel\u00a0 : Patrick TSCHIRRETT\u00e9l : 06 19 60 81 26 Boutique : Jocelyn WERDERERT\u00e9l : 06 10 93 94 27 Logistique : Francis FixT\u00e9l : 06 77 08 &hellip; <\/p>\n<p><a class=\"more-link btn\" href=\"https:\/\/2cvorhin.fr\/WordPress3\/?page_id=14\">Lire la suite<\/a><\/p>\n","protected":false},"author":1,"featured_media":0,"parent":0,"menu_order":6,"comment_status":"closed","ping_status":"open","template":"","meta":{"_editorskit_title_hidden":false,"_editorskit_reading_time":0,"_editorskit_is_block_options_detached":false,"_editorskit_block_options_position":"{}","om_disable_all_campaigns":false,"footnotes":""},"class_list":["post-14","page","type-page","status-publish","hentry","nodate","item-wrap"],"_links":{"self":[{"href":"https:\/\/2cvorhin.fr\/WordPress3\/index.php?rest_route=\/wp\/v2\/pages\/14","targetHints":{"allow":["GET"]}}],"collection":[{"href":"https:\/\/2cvorhin.fr\/WordPress3\/index.php?rest_route=\/wp\/v2\/pages"}],"about":[{"href":"https:\/\/2cvorhin.fr\/WordPress3\/index.php?rest_route=\/wp\/v2\/types\/page"}],"author":[{"embeddable":true,"href":"https:\/\/2cvorhin.fr\/WordPress3\/index.php?rest_route=\/wp\/v2\/users\/1"}],"replies":[{"embeddable":true,"href":"https:\/\/2cvorhin.fr\/WordPress3\/index.php?rest_route=%2Fwp%2Fv2%2Fcomments&post=14"}],"version-history":[{"count":69,"href":"https:\/\/2cvorhin.fr\/WordPress3\/index.php?rest_route=\/wp\/v2\/pages\/14\/revisions"}],"predecessor-version":[{"id":4130,"href":"https:\/\/2cvorhin.fr\/WordPress3\/index.php?rest_route=\/wp\/v2\/pages\/14\/revisions\/4130"}],"wp:attachment":[{"href":"https:\/\/2cvorhin.fr\/WordPress3\/index.php?rest_route=%2Fwp%2Fv2%2Fmedia&parent=14"}],"curies":[{"name":"wp","href":"https:\/\/api.w.org\/{rel}","templated":true}]}}