{"id":3282,"date":"2023-05-02T22:41:08","date_gmt":"2023-05-02T20:41:08","guid":{"rendered":"http:\/\/2cvorhin.fr\/WordPress3\/?page_id=3282"},"modified":"2025-01-15T15:13:41","modified_gmt":"2025-01-15T14:13:41","slug":"grand-ballon-2023","status":"publish","type":"page","link":"https:\/\/2cvorhin.fr\/WordPress3\/?page_id=3282","title":{"rendered":"Grand Ballon 2024"},"content":{"rendered":"<p>Mont\u00e9e du Grand Ballon sous la houlette du club 2CV\u00d4Rhin.<br \/>\nEnviron 80\u00a0 v\u00e9hicules ont r\u00e9alis\u00e9 cet exploit car pour les plus anciennes, c&rsquo;en est un !<\/p>\n<p>Le Grand Ballon culmine \u00e0 1424 m. et la route d&rsquo;acc\u00e8s monte jusqu&rsquo;\u00e0 1341 m.<\/p>\n<p>Depuis le d\u00e9part de Lautenbach, le d\u00e9nivel\u00e9 est de pr\u00e8s de 1000 m.<\/p>\n<p>Les photos ont \u00e9t\u00e9 prises au point GPS : 47,904327 \/ 7,103360<\/p>\n<p>La galerie ci-dessous vous permet de t\u00e9l\u00e9charger vos photos souvenir en cliquant sur la photo.<\/p>\n\n\t\t<style type=\"text\/css\">\n\t\t\t#gallery-1 {\n\t\t\t\tmargin: auto;\n\t\t\t}\n\t\t\t#gallery-1 .gallery-item {\n\t\t\t\tfloat: left;\n\t\t\t\tmargin-top: 10px;\n\t\t\t\ttext-align: center;\n\t\t\t\twidth: 33%;\n\t\t\t}\n\t\t\t#gallery-1 img {\n\t\t\t\tborder: 2px solid #cfcfcf;\n\t\t\t}\n\t\t\t#gallery-1 .gallery-caption {\n\t\t\t\tmargin-left: 0;\n\t\t\t}\n\t\t\t\/* see gallery_shortcode() in wp-includes\/media.php *\/\n\t\t<\/style>\n\t\t<div id='gallery-1' class='gallery galleryid-3282 gallery-columns-3 gallery-size-thumbnail'><dl class='gallery-item'>\n\t\t\t<dt class='gallery-icon landscape'>\n\t\t\t\t<a href='https:\/\/2cvorhin.fr\/WordPress3\/?attachment_id=3417'><img loading=\"lazy\" decoding=\"async\" width=\"150\" height=\"150\" src=\"https:\/\/2cvorhin.fr\/WordPress3\/wp-content\/uploads\/2023\/05\/IMG_7024-150x150.jpg\" class=\"attachment-thumbnail size-thumbnail\" alt=\"\" \/><\/a>\n\t\t\t<\/dt><\/dl><dl class='gallery-item'>\n\t\t\t<dt class='gallery-icon landscape'>\n\t\t\t\t<a href='https:\/\/2cvorhin.fr\/WordPress3\/?attachment_id=3416'><img loading=\"lazy\" decoding=\"async\" width=\"150\" height=\"150\" src=\"https:\/\/2cvorhin.fr\/WordPress3\/wp-content\/uploads\/2023\/05\/IMG_6875-150x150.jpg\" class=\"attachment-thumbnail size-thumbnail\" alt=\"\" \/><\/a>\n\t\t\t<\/dt><\/dl><dl class='gallery-item'>\n\t\t\t<dt class='gallery-icon landscape'>\n\t\t\t\t<a href='https:\/\/2cvorhin.fr\/WordPress3\/?attachment_id=3415'><img loading=\"lazy\" decoding=\"async\" width=\"150\" height=\"150\" src=\"https:\/\/2cvorhin.fr\/WordPress3\/wp-content\/uploads\/2023\/05\/IMG_6873-150x150.jpg\" class=\"attachment-thumbnail size-thumbnail\" alt=\"\" \/><\/a>\n\t\t\t<\/dt><\/dl><br style=\"clear: both\" \/><dl class='gallery-item'>\n\t\t\t<dt class='gallery-icon landscape'>\n\t\t\t\t<a href='https:\/\/2cvorhin.fr\/WordPress3\/?attachment_id=3414'><img loading=\"lazy\" decoding=\"async\" width=\"150\" height=\"150\" src=\"https:\/\/2cvorhin.fr\/WordPress3\/wp-content\/uploads\/2023\/05\/IMG_6872-150x150.jpg\" class=\"attachment-thumbnail size-thumbnail\" alt=\"\" \/><\/a>\n\t\t\t<\/dt><\/dl><dl class='gallery-item'>\n\t\t\t<dt class='gallery-icon landscape'>\n\t\t\t\t<a href='https:\/\/2cvorhin.fr\/WordPress3\/?attachment_id=3412'><img loading=\"lazy\" decoding=\"async\" width=\"150\" height=\"150\" src=\"https:\/\/2cvorhin.fr\/WordPress3\/wp-content\/uploads\/2023\/05\/IMG_6866-150x150.jpg\" class=\"attachment-thumbnail size-thumbnail\" alt=\"\" \/><\/a>\n\t\t\t<\/dt><\/dl><dl class='gallery-item'>\n\t\t\t<dt class='gallery-icon landscape'>\n\t\t\t\t<a href='https:\/\/2cvorhin.fr\/WordPress3\/?attachment_id=3413'><img loading=\"lazy\" decoding=\"async\" width=\"150\" height=\"150\" src=\"https:\/\/2cvorhin.fr\/WordPress3\/wp-content\/uploads\/2023\/05\/IMG_6867-150x150.jpg\" class=\"attachment-thumbnail size-thumbnail\" alt=\"\" \/><\/a>\n\t\t\t<\/dt><\/dl><br style=\"clear: both\" \/><dl class='gallery-item'>\n\t\t\t<dt class='gallery-icon landscape'>\n\t\t\t\t<a href='https:\/\/2cvorhin.fr\/WordPress3\/?attachment_id=3411'><img loading=\"lazy\" decoding=\"async\" width=\"150\" height=\"150\" src=\"https:\/\/2cvorhin.fr\/WordPress3\/wp-content\/uploads\/2023\/05\/IMG_6865-150x150.jpg\" class=\"attachment-thumbnail size-thumbnail\" alt=\"\" \/><\/a>\n\t\t\t<\/dt><\/dl><dl class='gallery-item'>\n\t\t\t<dt class='gallery-icon landscape'>\n\t\t\t\t<a href='https:\/\/2cvorhin.fr\/WordPress3\/?attachment_id=3409'><img loading=\"lazy\" decoding=\"async\" width=\"150\" height=\"150\" src=\"https:\/\/2cvorhin.fr\/WordPress3\/wp-content\/uploads\/2023\/05\/IMG_6856-150x150.jpg\" class=\"attachment-thumbnail size-thumbnail\" alt=\"\" \/><\/a>\n\t\t\t<\/dt><\/dl><dl class='gallery-item'>\n\t\t\t<dt class='gallery-icon landscape'>\n\t\t\t\t<a href='https:\/\/2cvorhin.fr\/WordPress3\/?attachment_id=3408'><img loading=\"lazy\" decoding=\"async\" width=\"150\" height=\"150\" src=\"https:\/\/2cvorhin.fr\/WordPress3\/wp-content\/uploads\/2023\/05\/IMG_6852-150x150.jpg\" class=\"attachment-thumbnail size-thumbnail\" alt=\"\" \/><\/a>\n\t\t\t<\/dt><\/dl><br style=\"clear: both\" \/><dl class='gallery-item'>\n\t\t\t<dt class='gallery-icon portrait'>\n\t\t\t\t<a href='https:\/\/2cvorhin.fr\/WordPress3\/?attachment_id=3306'><img loading=\"lazy\" decoding=\"async\" width=\"150\" height=\"150\" src=\"https:\/\/2cvorhin.fr\/WordPress3\/wp-content\/uploads\/2023\/05\/IMG_2602-150x150.jpg\" class=\"attachment-thumbnail size-thumbnail\" alt=\"\" \/><\/a>\n\t\t\t<\/dt><\/dl><dl class='gallery-item'>\n\t\t\t<dt class='gallery-icon landscape'>\n\t\t\t\t<a href='https:\/\/2cvorhin.fr\/WordPress3\/?attachment_id=3305'><img loading=\"lazy\" decoding=\"async\" width=\"150\" height=\"150\" src=\"https:\/\/2cvorhin.fr\/WordPress3\/wp-content\/uploads\/2023\/05\/IMG_2600-150x150.jpg\" class=\"attachment-thumbnail size-thumbnail\" alt=\"\" \/><\/a>\n\t\t\t<\/dt><\/dl><dl class='gallery-item'>\n\t\t\t<dt class='gallery-icon landscape'>\n\t\t\t\t<a href='https:\/\/2cvorhin.fr\/WordPress3\/?attachment_id=3304'><img loading=\"lazy\" decoding=\"async\" width=\"150\" height=\"150\" src=\"https:\/\/2cvorhin.fr\/WordPress3\/wp-content\/uploads\/2023\/05\/IMG_2598-150x150.jpg\" class=\"attachment-thumbnail size-thumbnail\" alt=\"\" \/><\/a>\n\t\t\t<\/dt><\/dl><br style=\"clear: both\" \/><dl class='gallery-item'>\n\t\t\t<dt class='gallery-icon landscape'>\n\t\t\t\t<a href='https:\/\/2cvorhin.fr\/WordPress3\/?attachment_id=3303'><img loading=\"lazy\" decoding=\"async\" width=\"150\" height=\"150\" src=\"https:\/\/2cvorhin.fr\/WordPress3\/wp-content\/uploads\/2023\/05\/IMG_2467-150x150.jpg\" class=\"attachment-thumbnail size-thumbnail\" alt=\"\" \/><\/a>\n\t\t\t<\/dt><\/dl><dl class='gallery-item'>\n\t\t\t<dt class='gallery-icon landscape'>\n\t\t\t\t<a href='https:\/\/2cvorhin.fr\/WordPress3\/?attachment_id=3302'><img loading=\"lazy\" decoding=\"async\" width=\"150\" height=\"150\" src=\"https:\/\/2cvorhin.fr\/WordPress3\/wp-content\/uploads\/2023\/05\/IMG_2464-150x150.jpg\" class=\"attachment-thumbnail size-thumbnail\" alt=\"\" \/><\/a>\n\t\t\t<\/dt><\/dl><dl class='gallery-item'>\n\t\t\t<dt class='gallery-icon landscape'>\n\t\t\t\t<a href='https:\/\/2cvorhin.fr\/WordPress3\/?attachment_id=3301'><img loading=\"lazy\" decoding=\"async\" width=\"150\" height=\"150\" src=\"https:\/\/2cvorhin.fr\/WordPress3\/wp-content\/uploads\/2023\/05\/IMG_2438-150x150.jpg\" class=\"attachment-thumbnail size-thumbnail\" alt=\"\" \/><\/a>\n\t\t\t<\/dt><\/dl><br style=\"clear: both\" \/><dl class='gallery-item'>\n\t\t\t<dt class='gallery-icon landscape'>\n\t\t\t\t<a href='https:\/\/2cvorhin.fr\/WordPress3\/?attachment_id=3300'><img loading=\"lazy\" decoding=\"async\" width=\"150\" height=\"150\" src=\"https:\/\/2cvorhin.fr\/WordPress3\/wp-content\/uploads\/2023\/05\/IMG_2403-150x150.jpg\" class=\"attachment-thumbnail size-thumbnail\" alt=\"\" \/><\/a>\n\t\t\t<\/dt><\/dl><dl class='gallery-item'>\n\t\t\t<dt class='gallery-icon portrait'>\n\t\t\t\t<a href='https:\/\/2cvorhin.fr\/WordPress3\/?attachment_id=3299'><img loading=\"lazy\" decoding=\"async\" width=\"150\" height=\"150\" src=\"https:\/\/2cvorhin.fr\/WordPress3\/wp-content\/uploads\/2023\/05\/IMG_2349-150x150.jpg\" class=\"attachment-thumbnail size-thumbnail\" alt=\"\" \/><\/a>\n\t\t\t<\/dt><\/dl><dl class='gallery-item'>\n\t\t\t<dt class='gallery-icon portrait'>\n\t\t\t\t<a href='https:\/\/2cvorhin.fr\/WordPress3\/?attachment_id=3298'><img loading=\"lazy\" decoding=\"async\" width=\"150\" height=\"150\" src=\"https:\/\/2cvorhin.fr\/WordPress3\/wp-content\/uploads\/2023\/05\/IMG_2348-150x150.jpg\" class=\"attachment-thumbnail size-thumbnail\" alt=\"\" \/><\/a>\n\t\t\t<\/dt><\/dl><br style=\"clear: both\" \/>\n\t\t<\/div>\n\n<p>&nbsp;<\/p>\n","protected":false},"excerpt":{"rendered":"<p>Mont\u00e9e du Grand Ballon sous la houlette du club 2CV\u00d4Rhin. Environ 80\u00a0 v\u00e9hicules ont r\u00e9alis\u00e9 cet exploit car pour les plus anciennes, c&rsquo;en est un ! Le Grand Ballon culmine \u00e0 1424 m. et la route d&rsquo;acc\u00e8s monte jusqu&rsquo;\u00e0 1341 m. Depuis le d\u00e9part de Lautenbach, le d\u00e9nivel\u00e9 est de pr\u00e8s de 1000 m. Les &hellip; <\/p>\n<p><a class=\"more-link btn\" href=\"https:\/\/2cvorhin.fr\/WordPress3\/?page_id=3282\">Lire la suite<\/a><\/p>\n","protected":false},"author":1,"featured_media":0,"parent":0,"menu_order":0,"comment_status":"closed","ping_status":"closed","template":"","meta":{"_editorskit_title_hidden":false,"_editorskit_reading_time":0,"_editorskit_is_block_options_detached":false,"_editorskit_block_options_position":"{}","om_disable_all_campaigns":false,"footnotes":""},"class_list":["post-3282","page","type-page","status-publish","hentry","nodate","item-wrap"],"_links":{"self":[{"href":"https:\/\/2cvorhin.fr\/WordPress3\/index.php?rest_route=\/wp\/v2\/pages\/3282","targetHints":{"allow":["GET"]}}],"collection":[{"href":"https:\/\/2cvorhin.fr\/WordPress3\/index.php?rest_route=\/wp\/v2\/pages"}],"about":[{"href":"https:\/\/2cvorhin.fr\/WordPress3\/index.php?rest_route=\/wp\/v2\/types\/page"}],"author":[{"embeddable":true,"href":"https:\/\/2cvorhin.fr\/WordPress3\/index.php?rest_route=\/wp\/v2\/users\/1"}],"replies":[{"embeddable":true,"href":"https:\/\/2cvorhin.fr\/WordPress3\/index.php?rest_route=%2Fwp%2Fv2%2Fcomments&post=3282"}],"version-history":[{"count":10,"href":"https:\/\/2cvorhin.fr\/WordPress3\/index.php?rest_route=\/wp\/v2\/pages\/3282\/revisions"}],"predecessor-version":[{"id":4094,"href":"https:\/\/2cvorhin.fr\/WordPress3\/index.php?rest_route=\/wp\/v2\/pages\/3282\/revisions\/4094"}],"wp:attachment":[{"href":"https:\/\/2cvorhin.fr\/WordPress3\/index.php?rest_route=%2Fwp%2Fv2%2Fmedia&parent=3282"}],"curies":[{"name":"wp","href":"https:\/\/api.w.org\/{rel}","templated":true}]}}