{"id":377,"date":"2011-11-19T19:42:45","date_gmt":"2011-11-19T19:42:45","guid":{"rendered":"http:\/\/2cvorhin.fr\/WordPress3\/\/?page_id=2"},"modified":"2024-08-30T14:10:24","modified_gmt":"2024-08-30T12:10:24","slug":"about-2","status":"publish","type":"page","link":"https:\/\/2cvorhin.fr\/WordPress3\/?page_id=377","title":{"rendered":"A propos"},"content":{"rendered":"<p><!-- Google tag (gtag.js) --><br \/>\n<script async src=\"https:\/\/www.googletagmanager.com\/gtag\/js?id=G-P2GRHBYPL7\"><\/script><br \/>\n<script>\n  window.dataLayer = window.dataLayer || [];\n  function gtag(){dataLayer.push(arguments);}\n  gtag('js', new Date());<\/p>\n<p>  gtag('config', 'G-P2GRHBYPL7');\n<\/script><\/p>\n<p style=\"text-align: center;\"><strong>BIENVENUE sur le site du club<\/strong><\/p>\n<p><a href=\"https:\/\/2cvorhin.fr\/WordPress3\/wp-content\/uploads\/2020\/03\/logo-2CV-o-rhin.jpg\"><img loading=\"lazy\" decoding=\"async\" class=\"aligncenter wp-image-2739\" src=\"https:\/\/2cvorhin.fr\/WordPress3\/wp-content\/uploads\/2020\/03\/logo-2CV-o-rhin.jpg\" alt=\"\" width=\"335\" height=\"144\" \/><\/a><\/p>\n<p>Notre club 2CV-\u00d4-Rhin, cr\u00e9\u00e9 en 1996, regroupe des passionn\u00e9s de 2CV Citro\u00ebn du sud de l&rsquo;Alsace. Souhaitant \u00eatre \u00e0 la page des nouvelles technologies, nous avons cr\u00e9\u00e9 ce site pour nous faire conna\u00eetre et vous faire partager notre passion.<\/p>\n<p>Gr\u00e2ce au sommaire vous pouvez naviguer \u00e0 loisirs sur notre site. Vous y trouverez des photos de nos sorties, la version informatique de notre journal du club, et plein d&rsquo;autres choses ! Vous pouvez aussi consulter nos liens avec d&rsquo;autres sites et nous contacter !<\/p>\n<p><a href=\"https:\/\/2cvorhin.fr\/WordPress3\/wp-content\/uploads\/2011\/11\/DSC0051211.jpg\"><img loading=\"lazy\" decoding=\"async\" class=\"aligncenter size-medium wp-image-129\" title=\"DSC00512\" src=\"https:\/\/2cvorhin.fr\/WordPress3\/wp-content\/uploads\/2011\/11\/DSC005121-300x225.jpg\" alt=\"\" width=\"300\" height=\"225\" srcset=\"https:\/\/2cvorhin.fr\/WordPress3\/wp-content\/uploads\/2011\/11\/DSC005121-300x225.jpg 300w, https:\/\/2cvorhin.fr\/WordPress3\/wp-content\/uploads\/2011\/11\/DSC005121.jpg 500w\" sizes=\"auto, (max-width: 300px) 100vw, 300px\" \/><\/a><\/p>\n","protected":false},"excerpt":{"rendered":"<p>BIENVENUE sur le site du club Notre club 2CV-\u00d4-Rhin, cr\u00e9\u00e9 en 1996, regroupe des passionn\u00e9s de 2CV Citro\u00ebn du sud de l&rsquo;Alsace. Souhaitant \u00eatre \u00e0 la page des nouvelles technologies, nous avons cr\u00e9\u00e9 ce site pour nous faire conna\u00eetre et vous faire partager notre passion. Gr\u00e2ce au sommaire vous pouvez naviguer \u00e0 loisirs sur notre &hellip; <\/p>\n<p><a class=\"more-link btn\" href=\"https:\/\/2cvorhin.fr\/WordPress3\/?page_id=377\">Lire la suite<\/a><\/p>\n","protected":false},"author":1,"featured_media":0,"parent":0,"menu_order":0,"comment_status":"open","ping_status":"open","template":"","meta":{"_editorskit_title_hidden":false,"_editorskit_reading_time":0,"_editorskit_is_block_options_detached":false,"_editorskit_block_options_position":"{}","om_disable_all_campaigns":false,"footnotes":""},"class_list":["post-377","page","type-page","status-publish","hentry","nodate","item-wrap"],"_links":{"self":[{"href":"https:\/\/2cvorhin.fr\/WordPress3\/index.php?rest_route=\/wp\/v2\/pages\/377","targetHints":{"allow":["GET"]}}],"collection":[{"href":"https:\/\/2cvorhin.fr\/WordPress3\/index.php?rest_route=\/wp\/v2\/pages"}],"about":[{"href":"https:\/\/2cvorhin.fr\/WordPress3\/index.php?rest_route=\/wp\/v2\/types\/page"}],"author":[{"embeddable":true,"href":"https:\/\/2cvorhin.fr\/WordPress3\/index.php?rest_route=\/wp\/v2\/users\/1"}],"replies":[{"embeddable":true,"href":"https:\/\/2cvorhin.fr\/WordPress3\/index.php?rest_route=%2Fwp%2Fv2%2Fcomments&post=377"}],"version-history":[{"count":6,"href":"https:\/\/2cvorhin.fr\/WordPress3\/index.php?rest_route=\/wp\/v2\/pages\/377\/revisions"}],"predecessor-version":[{"id":4095,"href":"https:\/\/2cvorhin.fr\/WordPress3\/index.php?rest_route=\/wp\/v2\/pages\/377\/revisions\/4095"}],"wp:attachment":[{"href":"https:\/\/2cvorhin.fr\/WordPress3\/index.php?rest_route=%2Fwp%2Fv2%2Fmedia&parent=377"}],"curies":[{"name":"wp","href":"https:\/\/api.w.org\/{rel}","templated":true}]}}