{"id":663,"date":"2012-01-04T20:38:49","date_gmt":"2012-01-04T19:38:49","guid":{"rendered":"http:\/\/2cvorhin.fr\/WordPress3\/?page_id=663"},"modified":"2025-02-24T14:09:09","modified_gmt":"2025-02-24T13:09:09","slug":"nos-2cv-5","status":"publish","type":"page","link":"https:\/\/2cvorhin.fr\/WordPress3\/?page_id=663","title":{"rendered":"Nos 2CV"},"content":{"rendered":"<p><!-- Google tag (gtag.js) --><br \/>\n<script async src=\"https:\/\/www.googletagmanager.com\/gtag\/js?id=G-P2GRHBYPL7\"><\/script><br \/>\n<script><br \/>\n  window.dataLayer = window.dataLayer || [];<br \/>\n  function gtag(){dataLayer.push(arguments);}<br \/>\n  gtag('js', new Date());<\/p>\n<p>  gtag('config', 'G-P2GRHBYPL7');<br \/>\n<\/script><\/p>\n<p>Quelques photos des 2CV\u00a0 et d\u00e9riv\u00e9es Citro\u00ebn de nos membres.<\/p>\n\n\t\t<style type=\"text\/css\">\n\t\t\t#gallery-1 {\n\t\t\t\tmargin: auto;\n\t\t\t}\n\t\t\t#gallery-1 .gallery-item {\n\t\t\t\tfloat: left;\n\t\t\t\tmargin-top: 10px;\n\t\t\t\ttext-align: center;\n\t\t\t\twidth: 33%;\n\t\t\t}\n\t\t\t#gallery-1 img {\n\t\t\t\tborder: 2px solid #cfcfcf;\n\t\t\t}\n\t\t\t#gallery-1 .gallery-caption {\n\t\t\t\tmargin-left: 0;\n\t\t\t}\n\t\t\t\/* see gallery_shortcode() in wp-includes\/media.php *\/\n\t\t<\/style>\n\t\t<div id='gallery-1' class='gallery galleryid-663 gallery-columns-3 gallery-size-thumbnail'><dl class='gallery-item'>\n\t\t\t<dt class='gallery-icon landscape'>\n\t\t\t\t<a href='https:\/\/2cvorhin.fr\/WordPress3\/?attachment_id=4126'><img loading=\"lazy\" decoding=\"async\" width=\"150\" height=\"150\" src=\"https:\/\/2cvorhin.fr\/WordPress3\/wp-content\/uploads\/2025\/02\/ami6_paule_et_michel-Grande-150x150.jpg\" class=\"attachment-thumbnail size-thumbnail\" alt=\"L&#039;AMI 6 de Paule et Michel\" aria-describedby=\"gallery-1-4126\" \/><\/a>\n\t\t\t<\/dt>\n\t\t\t\t<dd class='wp-caption-text gallery-caption' id='gallery-1-4126'>\n\t\t\t\tL&rsquo;AMI 6 de Paule et Michel\n\t\t\t\t<\/dd><\/dl><dl class='gallery-item'>\n\t\t\t<dt class='gallery-icon landscape'>\n\t\t\t\t<a href='https:\/\/2cvorhin.fr\/WordPress3\/?attachment_id=607'><img loading=\"lazy\" decoding=\"async\" width=\"150\" height=\"150\" src=\"https:\/\/2cvorhin.fr\/WordPress3\/wp-content\/uploads\/2012\/01\/nos-2CV-7-150x150.jpg\" class=\"attachment-thumbnail size-thumbnail\" alt=\"L&#039;ACADIANE de Pascal\" aria-describedby=\"gallery-1-607\" srcset=\"https:\/\/2cvorhin.fr\/WordPress3\/wp-content\/uploads\/2012\/01\/nos-2CV-7-150x150.jpg 150w, https:\/\/2cvorhin.fr\/WordPress3\/wp-content\/uploads\/2012\/01\/nos-2CV-7-100x100.jpg 100w\" sizes=\"auto, (max-width: 150px) 100vw, 150px\" \/><\/a>\n\t\t\t<\/dt>\n\t\t\t\t<dd class='wp-caption-text gallery-caption' id='gallery-1-607'>\n\t\t\t\tL&rsquo;ACADIANE de Pascal\n\t\t\t\t<\/dd><\/dl><dl class='gallery-item'>\n\t\t\t<dt class='gallery-icon landscape'>\n\t\t\t\t<a href='https:\/\/2cvorhin.fr\/WordPress3\/?attachment_id=608'><img loading=\"lazy\" decoding=\"async\" width=\"150\" height=\"150\" src=\"https:\/\/2cvorhin.fr\/WordPress3\/wp-content\/uploads\/2012\/01\/nos-2CV-8-150x150.jpg\" class=\"attachment-thumbnail size-thumbnail\" alt=\"2CV de Pascal\" aria-describedby=\"gallery-1-608\" srcset=\"https:\/\/2cvorhin.fr\/WordPress3\/wp-content\/uploads\/2012\/01\/nos-2CV-8-150x150.jpg 150w, https:\/\/2cvorhin.fr\/WordPress3\/wp-content\/uploads\/2012\/01\/nos-2CV-8-100x100.jpg 100w\" sizes=\"auto, (max-width: 150px) 100vw, 150px\" \/><\/a>\n\t\t\t<\/dt>\n\t\t\t\t<dd class='wp-caption-text gallery-caption' id='gallery-1-608'>\n\t\t\t\t2CV de Pascal\n\t\t\t\t<\/dd><\/dl><br style=\"clear: both\" \/><dl class='gallery-item'>\n\t\t\t<dt class='gallery-icon landscape'>\n\t\t\t\t<a href='https:\/\/2cvorhin.fr\/WordPress3\/?attachment_id=609'><img loading=\"lazy\" decoding=\"async\" width=\"150\" height=\"150\" src=\"https:\/\/2cvorhin.fr\/WordPress3\/wp-content\/uploads\/2012\/01\/nos-2CV-9-150x150.jpg\" class=\"attachment-thumbnail size-thumbnail\" alt=\"2CV de Daniel\" aria-describedby=\"gallery-1-609\" srcset=\"https:\/\/2cvorhin.fr\/WordPress3\/wp-content\/uploads\/2012\/01\/nos-2CV-9-150x150.jpg 150w, https:\/\/2cvorhin.fr\/WordPress3\/wp-content\/uploads\/2012\/01\/nos-2CV-9-100x100.jpg 100w\" sizes=\"auto, (max-width: 150px) 100vw, 150px\" \/><\/a>\n\t\t\t<\/dt>\n\t\t\t\t<dd class='wp-caption-text gallery-caption' id='gallery-1-609'>\n\t\t\t\t2CV de Daniel\n\t\t\t\t<\/dd><\/dl><dl class='gallery-item'>\n\t\t\t<dt class='gallery-icon landscape'>\n\t\t\t\t<a href='https:\/\/2cvorhin.fr\/WordPress3\/?attachment_id=610'><img loading=\"lazy\" decoding=\"async\" width=\"150\" height=\"150\" src=\"https:\/\/2cvorhin.fr\/WordPress3\/wp-content\/uploads\/2012\/01\/nos-2CV-10-150x150.jpg\" class=\"attachment-thumbnail size-thumbnail\" alt=\"La 2CV de Robert\" aria-describedby=\"gallery-1-610\" srcset=\"https:\/\/2cvorhin.fr\/WordPress3\/wp-content\/uploads\/2012\/01\/nos-2CV-10-150x150.jpg 150w, https:\/\/2cvorhin.fr\/WordPress3\/wp-content\/uploads\/2012\/01\/nos-2CV-10-100x100.jpg 100w\" sizes=\"auto, (max-width: 150px) 100vw, 150px\" \/><\/a>\n\t\t\t<\/dt>\n\t\t\t\t<dd class='wp-caption-text gallery-caption' id='gallery-1-610'>\n\t\t\t\tLa 2CV de Robert\n\t\t\t\t<\/dd><\/dl><dl class='gallery-item'>\n\t\t\t<dt class='gallery-icon landscape'>\n\t\t\t\t<a href='https:\/\/2cvorhin.fr\/WordPress3\/?attachment_id=710'><img loading=\"lazy\" decoding=\"async\" width=\"150\" height=\"150\" src=\"https:\/\/2cvorhin.fr\/WordPress3\/wp-content\/uploads\/2012\/01\/DSC03577-150x150.jpg\" class=\"attachment-thumbnail size-thumbnail\" alt=\"la 2CV de Roger\" aria-describedby=\"gallery-1-710\" \/><\/a>\n\t\t\t<\/dt>\n\t\t\t\t<dd class='wp-caption-text gallery-caption' id='gallery-1-710'>\n\t\t\t\tla 2CV de Roger \n\t\t\t\t<\/dd><\/dl><br style=\"clear: both\" \/><dl class='gallery-item'>\n\t\t\t<dt class='gallery-icon landscape'>\n\t\t\t\t<a href='https:\/\/2cvorhin.fr\/WordPress3\/?attachment_id=714'><img loading=\"lazy\" decoding=\"async\" width=\"150\" height=\"150\" src=\"https:\/\/2cvorhin.fr\/WordPress3\/wp-content\/uploads\/2012\/01\/DSC03568-150x150.jpg\" class=\"attachment-thumbnail size-thumbnail\" alt=\"2CV de Manu\" aria-describedby=\"gallery-1-714\" \/><\/a>\n\t\t\t<\/dt>\n\t\t\t\t<dd class='wp-caption-text gallery-caption' id='gallery-1-714'>\n\t\t\t\t2CV de Manu\n\t\t\t\t<\/dd><\/dl><dl class='gallery-item'>\n\t\t\t<dt class='gallery-icon landscape'>\n\t\t\t\t<a href='https:\/\/2cvorhin.fr\/WordPress3\/?attachment_id=723'><img loading=\"lazy\" decoding=\"async\" width=\"150\" height=\"150\" src=\"https:\/\/2cvorhin.fr\/WordPress3\/wp-content\/uploads\/2012\/01\/2CV-marie-claude-150x150.jpg\" class=\"attachment-thumbnail size-thumbnail\" alt=\"2CV de Marie-Claude\" aria-describedby=\"gallery-1-723\" \/><\/a>\n\t\t\t<\/dt>\n\t\t\t\t<dd class='wp-caption-text gallery-caption' id='gallery-1-723'>\n\t\t\t\t2CV de Marie-Claude\n\t\t\t\t<\/dd><\/dl><dl class='gallery-item'>\n\t\t\t<dt class='gallery-icon landscape'>\n\t\t\t\t<a href='https:\/\/2cvorhin.fr\/WordPress3\/?attachment_id=2427'><img loading=\"lazy\" decoding=\"async\" width=\"150\" height=\"150\" src=\"https:\/\/2cvorhin.fr\/WordPress3\/wp-content\/uploads\/2018\/11\/DSCF2572-150x150.jpg\" class=\"attachment-thumbnail size-thumbnail\" alt=\"La 2CV de Michel\" aria-describedby=\"gallery-1-2427\" \/><\/a>\n\t\t\t<\/dt>\n\t\t\t\t<dd class='wp-caption-text gallery-caption' id='gallery-1-2427'>\n\t\t\t\tLa 2CV de Michel\n\t\t\t\t<\/dd><\/dl><br style=\"clear: both\" \/><dl class='gallery-item'>\n\t\t\t<dt class='gallery-icon landscape'>\n\t\t\t\t<a href='https:\/\/2cvorhin.fr\/WordPress3\/?attachment_id=724'><img loading=\"lazy\" decoding=\"async\" width=\"150\" height=\"150\" src=\"https:\/\/2cvorhin.fr\/WordPress3\/wp-content\/uploads\/2012\/01\/2cv-skamba-ar-150x150.jpg\" class=\"attachment-thumbnail size-thumbnail\" alt=\"la 2CV de Roger\" aria-describedby=\"gallery-1-724\" \/><\/a>\n\t\t\t<\/dt>\n\t\t\t\t<dd class='wp-caption-text gallery-caption' id='gallery-1-724'>\n\t\t\t\tla 2CV de Roger \n\t\t\t\t<\/dd><\/dl><dl class='gallery-item'>\n\t\t\t<dt class='gallery-icon landscape'>\n\t\t\t\t<a href='https:\/\/2cvorhin.fr\/WordPress3\/?attachment_id=725'><img loading=\"lazy\" decoding=\"async\" width=\"150\" height=\"150\" src=\"https:\/\/2cvorhin.fr\/WordPress3\/wp-content\/uploads\/2012\/01\/2cv-skamba-av-150x150.jpg\" class=\"attachment-thumbnail size-thumbnail\" alt=\"2cv de Roger\" aria-describedby=\"gallery-1-725\" \/><\/a>\n\t\t\t<\/dt>\n\t\t\t\t<dd class='wp-caption-text gallery-caption' id='gallery-1-725'>\n\t\t\t\t2cv de Roger\n\t\t\t\t<\/dd><\/dl><dl class='gallery-item'>\n\t\t\t<dt class='gallery-icon landscape'>\n\t\t\t\t<a href='https:\/\/2cvorhin.fr\/WordPress3\/?attachment_id=1017'><img loading=\"lazy\" decoding=\"async\" width=\"150\" height=\"150\" src=\"https:\/\/2cvorhin.fr\/WordPress3\/wp-content\/uploads\/2012\/03\/2cv-Alain-B-150x150.jpg\" class=\"attachment-thumbnail size-thumbnail\" alt=\"2cv d&#039; Alain B\" aria-describedby=\"gallery-1-1017\" \/><\/a>\n\t\t\t<\/dt>\n\t\t\t\t<dd class='wp-caption-text gallery-caption' id='gallery-1-1017'>\n\t\t\t\t2cv d&rsquo; Alain B\n\t\t\t\t<\/dd><\/dl><br style=\"clear: both\" \/><dl class='gallery-item'>\n\t\t\t<dt class='gallery-icon landscape'>\n\t\t\t\t<a href='https:\/\/2cvorhin.fr\/WordPress3\/?attachment_id=2429'><img loading=\"lazy\" decoding=\"async\" width=\"150\" height=\"150\" src=\"https:\/\/2cvorhin.fr\/WordPress3\/wp-content\/uploads\/2018\/11\/IMG_6825-150x150.jpg\" class=\"attachment-thumbnail size-thumbnail\" alt=\"L&#039;AK400 de Thibaud\" aria-describedby=\"gallery-1-2429\" \/><\/a>\n\t\t\t<\/dt>\n\t\t\t\t<dd class='wp-caption-text gallery-caption' id='gallery-1-2429'>\n\t\t\t\tL&rsquo;AK400 de Thibaud\n\t\t\t\t<\/dd><\/dl><dl class='gallery-item'>\n\t\t\t<dt class='gallery-icon landscape'>\n\t\t\t\t<a href='https:\/\/2cvorhin.fr\/WordPress3\/?attachment_id=1018'><img loading=\"lazy\" decoding=\"async\" width=\"150\" height=\"150\" src=\"https:\/\/2cvorhin.fr\/WordPress3\/wp-content\/uploads\/2012\/03\/2cv-Jean-Pierre-150x150.jpg\" class=\"attachment-thumbnail size-thumbnail\" alt=\"2CV de Jean-Pierre\" aria-describedby=\"gallery-1-1018\" \/><\/a>\n\t\t\t<\/dt>\n\t\t\t\t<dd class='wp-caption-text gallery-caption' id='gallery-1-1018'>\n\t\t\t\t2CV de  Jean-Pierre\n\t\t\t\t<\/dd><\/dl><dl class='gallery-item'>\n\t\t\t<dt class='gallery-icon landscape'>\n\t\t\t\t<a href='https:\/\/2cvorhin.fr\/WordPress3\/?attachment_id=1110'><img loading=\"lazy\" decoding=\"async\" width=\"150\" height=\"150\" src=\"https:\/\/2cvorhin.fr\/WordPress3\/wp-content\/uploads\/2012\/05\/DSC044971-150x150.jpg\" class=\"attachment-thumbnail size-thumbnail\" alt=\"2CV de Gilles\" aria-describedby=\"gallery-1-1110\" \/><\/a>\n\t\t\t<\/dt>\n\t\t\t\t<dd class='wp-caption-text gallery-caption' id='gallery-1-1110'>\n\t\t\t\t2CV de Gilles\n\t\t\t\t<\/dd><\/dl><br style=\"clear: both\" \/><dl class='gallery-item'>\n\t\t\t<dt class='gallery-icon landscape'>\n\t\t\t\t<a href='https:\/\/2cvorhin.fr\/WordPress3\/?attachment_id=1168'><img loading=\"lazy\" decoding=\"async\" width=\"150\" height=\"150\" src=\"https:\/\/2cvorhin.fr\/WordPress3\/wp-content\/uploads\/2012\/07\/2CV-frederic-150x150.jpg\" class=\"attachment-thumbnail size-thumbnail\" alt=\"2CV de Frederic\" aria-describedby=\"gallery-1-1168\" \/><\/a>\n\t\t\t<\/dt>\n\t\t\t\t<dd class='wp-caption-text gallery-caption' id='gallery-1-1168'>\n\t\t\t\t2CV de Frederic\n\t\t\t\t<\/dd><\/dl><dl class='gallery-item'>\n\t\t\t<dt class='gallery-icon landscape'>\n\t\t\t\t<a href='https:\/\/2cvorhin.fr\/WordPress3\/?attachment_id=1470'><img loading=\"lazy\" decoding=\"async\" width=\"150\" height=\"150\" src=\"https:\/\/2cvorhin.fr\/WordPress3\/wp-content\/uploads\/2014\/02\/2CV-william-1-150x150.jpg\" class=\"attachment-thumbnail size-thumbnail\" alt=\"la 2cv de William\" aria-describedby=\"gallery-1-1470\" \/><\/a>\n\t\t\t<\/dt>\n\t\t\t\t<dd class='wp-caption-text gallery-caption' id='gallery-1-1470'>\n\t\t\t\tla 2cv de William\n\t\t\t\t<\/dd><\/dl><dl class='gallery-item'>\n\t\t\t<dt class='gallery-icon landscape'>\n\t\t\t\t<a href='https:\/\/2cvorhin.fr\/WordPress3\/?attachment_id=1471'><img loading=\"lazy\" decoding=\"async\" width=\"150\" height=\"150\" src=\"https:\/\/2cvorhin.fr\/WordPress3\/wp-content\/uploads\/2014\/02\/deutcher11_800-150x150.jpg\" class=\"attachment-thumbnail size-thumbnail\" alt=\"La DEUCHTER D&#039;Etienne 2\" aria-describedby=\"gallery-1-1471\" \/><\/a>\n\t\t\t<\/dt>\n\t\t\t\t<dd class='wp-caption-text gallery-caption' id='gallery-1-1471'>\n\t\t\t\tLa DEUCHTER D&rsquo;Etienne 2\n\t\t\t\t<\/dd><\/dl><br style=\"clear: both\" \/><dl class='gallery-item'>\n\t\t\t<dt class='gallery-icon landscape'>\n\t\t\t\t<a href='https:\/\/2cvorhin.fr\/WordPress3\/?attachment_id=1472'><img loading=\"lazy\" decoding=\"async\" width=\"150\" height=\"150\" src=\"https:\/\/2cvorhin.fr\/WordPress3\/wp-content\/uploads\/2014\/02\/deutcher22_800-150x150.jpg\" class=\"attachment-thumbnail size-thumbnail\" alt=\"La DEUCHTER D&#039;Etienne\" aria-describedby=\"gallery-1-1472\" \/><\/a>\n\t\t\t<\/dt>\n\t\t\t\t<dd class='wp-caption-text gallery-caption' id='gallery-1-1472'>\n\t\t\t\tLa DEUCHTER D&rsquo;Etienne\n\t\t\t\t<\/dd><\/dl><dl class='gallery-item'>\n\t\t\t<dt class='gallery-icon landscape'>\n\t\t\t\t<a href='https:\/\/2cvorhin.fr\/WordPress3\/?attachment_id=1540'><img loading=\"lazy\" decoding=\"async\" width=\"150\" height=\"150\" src=\"https:\/\/2cvorhin.fr\/WordPress3\/wp-content\/uploads\/2014\/09\/2CV-Luc--150x150.jpg\" class=\"attachment-thumbnail size-thumbnail\" alt=\"Les 2CV de LUC\" aria-describedby=\"gallery-1-1540\" \/><\/a>\n\t\t\t<\/dt>\n\t\t\t\t<dd class='wp-caption-text gallery-caption' id='gallery-1-1540'>\n\t\t\t\tLes 2CV de LUC \n\t\t\t\t<\/dd><\/dl><dl class='gallery-item'>\n\t\t\t<dt class='gallery-icon landscape'>\n\t\t\t\t<a href='https:\/\/2cvorhin.fr\/WordPress3\/?attachment_id=2426'><img loading=\"lazy\" decoding=\"async\" width=\"150\" height=\"150\" src=\"https:\/\/2cvorhin.fr\/WordPress3\/wp-content\/uploads\/2018\/11\/IMG_5958-150x150.jpg\" class=\"attachment-thumbnail size-thumbnail\" alt=\"La Dyane de Pierre\" aria-describedby=\"gallery-1-2426\" \/><\/a>\n\t\t\t<\/dt>\n\t\t\t\t<dd class='wp-caption-text gallery-caption' id='gallery-1-2426'>\n\t\t\t\tLa Dyane de Pierre\n\t\t\t\t<\/dd><\/dl><br style=\"clear: both\" \/><dl class='gallery-item'>\n\t\t\t<dt class='gallery-icon landscape'>\n\t\t\t\t<a href='https:\/\/2cvorhin.fr\/WordPress3\/?attachment_id=1589'><img loading=\"lazy\" decoding=\"async\" width=\"150\" height=\"150\" src=\"https:\/\/2cvorhin.fr\/WordPress3\/wp-content\/uploads\/2015\/02\/2cvSpecialePeaceandLove-de-Alain-150x150.jpg\" class=\"attachment-thumbnail size-thumbnail\" alt=\"la 2CV peace and love\" aria-describedby=\"gallery-1-1589\" \/><\/a>\n\t\t\t<\/dt>\n\t\t\t\t<dd class='wp-caption-text gallery-caption' id='gallery-1-1589'>\n\t\t\t\tla 2CV peace and love \n\t\t\t\t<\/dd><\/dl><dl class='gallery-item'>\n\t\t\t<dt class='gallery-icon landscape'>\n\t\t\t\t<a href='https:\/\/2cvorhin.fr\/WordPress3\/?attachment_id=1610'><img loading=\"lazy\" decoding=\"async\" width=\"150\" height=\"150\" src=\"https:\/\/2cvorhin.fr\/WordPress3\/wp-content\/uploads\/2015\/03\/roger1-150x150.jpg\" class=\"attachment-thumbnail size-thumbnail\" alt=\"La 2CV blanche de Roger\" aria-describedby=\"gallery-1-1610\" \/><\/a>\n\t\t\t<\/dt>\n\t\t\t\t<dd class='wp-caption-text gallery-caption' id='gallery-1-1610'>\n\t\t\t\tLa 2CV blanche de Roger \n\t\t\t\t<\/dd><\/dl><dl class='gallery-item'>\n\t\t\t<dt class='gallery-icon landscape'>\n\t\t\t\t<a href='https:\/\/2cvorhin.fr\/WordPress3\/?attachment_id=1611'><img loading=\"lazy\" decoding=\"async\" width=\"150\" height=\"150\" src=\"https:\/\/2cvorhin.fr\/WordPress3\/wp-content\/uploads\/2015\/03\/roger2-150x150.jpg\" class=\"attachment-thumbnail size-thumbnail\" alt=\"La 2CV blanche de Roger\" aria-describedby=\"gallery-1-1611\" \/><\/a>\n\t\t\t<\/dt>\n\t\t\t\t<dd class='wp-caption-text gallery-caption' id='gallery-1-1611'>\n\t\t\t\tLa 2CV blanche de Roger \n\t\t\t\t<\/dd><\/dl><br style=\"clear: both\" \/><dl class='gallery-item'>\n\t\t\t<dt class='gallery-icon landscape'>\n\t\t\t\t<a href='https:\/\/2cvorhin.fr\/WordPress3\/?attachment_id=1713'><img loading=\"lazy\" decoding=\"async\" width=\"150\" height=\"150\" src=\"https:\/\/2cvorhin.fr\/WordPress3\/wp-content\/uploads\/2015\/10\/2cv-de-nicole-150x150.jpg\" class=\"attachment-thumbnail size-thumbnail\" alt=\"2cv de nicole\" aria-describedby=\"gallery-1-1713\" \/><\/a>\n\t\t\t<\/dt>\n\t\t\t\t<dd class='wp-caption-text gallery-caption' id='gallery-1-1713'>\n\t\t\t\t2cv de nicole\n\t\t\t\t<\/dd><\/dl><dl class='gallery-item'>\n\t\t\t<dt class='gallery-icon landscape'>\n\t\t\t\t<a href='https:\/\/2cvorhin.fr\/WordPress3\/?attachment_id=1766'><img loading=\"lazy\" decoding=\"async\" width=\"150\" height=\"150\" src=\"https:\/\/2cvorhin.fr\/WordPress3\/wp-content\/uploads\/2016\/04\/2cv-a-Fabrice-150x150.jpg\" class=\"attachment-thumbnail size-thumbnail\" alt=\"La 2cv de Fabrice\" aria-describedby=\"gallery-1-1766\" \/><\/a>\n\t\t\t<\/dt>\n\t\t\t\t<dd class='wp-caption-text gallery-caption' id='gallery-1-1766'>\n\t\t\t\tLa 2cv de Fabrice\n\t\t\t\t<\/dd><\/dl><dl class='gallery-item'>\n\t\t\t<dt class='gallery-icon landscape'>\n\t\t\t\t<a href='https:\/\/2cvorhin.fr\/WordPress3\/?attachment_id=1767'><img loading=\"lazy\" decoding=\"async\" width=\"150\" height=\"150\" src=\"https:\/\/2cvorhin.fr\/WordPress3\/wp-content\/uploads\/2016\/04\/acadiane-a-Fabrice-150x150.jpg\" class=\"attachment-thumbnail size-thumbnail\" alt=\"l&#039;acadiane de Fabrice\" aria-describedby=\"gallery-1-1767\" \/><\/a>\n\t\t\t<\/dt>\n\t\t\t\t<dd class='wp-caption-text gallery-caption' id='gallery-1-1767'>\n\t\t\t\tl&rsquo;acadiane de Fabrice\n\t\t\t\t<\/dd><\/dl><br style=\"clear: both\" \/><dl class='gallery-item'>\n\t\t\t<dt class='gallery-icon landscape'>\n\t\t\t\t<a href='https:\/\/2cvorhin.fr\/WordPress3\/?attachment_id=600'><img loading=\"lazy\" decoding=\"async\" width=\"150\" height=\"150\" src=\"https:\/\/2cvorhin.fr\/WordPress3\/wp-content\/uploads\/2012\/01\/nos-2CV-19-150x150.jpg\" class=\"attachment-thumbnail size-thumbnail\" alt=\"2CV de Fabrice\" aria-describedby=\"gallery-1-600\" srcset=\"https:\/\/2cvorhin.fr\/WordPress3\/wp-content\/uploads\/2012\/01\/nos-2CV-19-150x150.jpg 150w, https:\/\/2cvorhin.fr\/WordPress3\/wp-content\/uploads\/2012\/01\/nos-2CV-19-100x100.jpg 100w\" sizes=\"auto, (max-width: 150px) 100vw, 150px\" \/><\/a>\n\t\t\t<\/dt>\n\t\t\t\t<dd class='wp-caption-text gallery-caption' id='gallery-1-600'>\n\t\t\t\t2CV de Fabrice \n\t\t\t\t<\/dd><\/dl><dl class='gallery-item'>\n\t\t\t<dt class='gallery-icon landscape'>\n\t\t\t\t<a href='https:\/\/2cvorhin.fr\/WordPress3\/?attachment_id=1768'><img loading=\"lazy\" decoding=\"async\" width=\"150\" height=\"150\" src=\"https:\/\/2cvorhin.fr\/WordPress3\/wp-content\/uploads\/2016\/04\/la-2cv-a-Daniel-B-150x150.jpg\" class=\"attachment-thumbnail size-thumbnail\" alt=\"la 2cv de Daniel B\" aria-describedby=\"gallery-1-1768\" \/><\/a>\n\t\t\t<\/dt>\n\t\t\t\t<dd class='wp-caption-text gallery-caption' id='gallery-1-1768'>\n\t\t\t\tla 2cv de Daniel B\n\t\t\t\t<\/dd><\/dl><dl class='gallery-item'>\n\t\t\t<dt class='gallery-icon landscape'>\n\t\t\t\t<a href='https:\/\/2cvorhin.fr\/WordPress3\/?attachment_id=2256'><img loading=\"lazy\" decoding=\"async\" width=\"150\" height=\"150\" src=\"https:\/\/2cvorhin.fr\/WordPress3\/wp-content\/uploads\/2018\/01\/Acadiane-Jerome-150x150.jpg\" class=\"attachment-thumbnail size-thumbnail\" alt=\"l&#039;Acadiane de J\u00e9rome\" aria-describedby=\"gallery-1-2256\" \/><\/a>\n\t\t\t<\/dt>\n\t\t\t\t<dd class='wp-caption-text gallery-caption' id='gallery-1-2256'>\n\t\t\t\tl&rsquo;Acadiane de J\u00e9rome\n\t\t\t\t<\/dd><\/dl><br style=\"clear: both\" \/><dl class='gallery-item'>\n\t\t\t<dt class='gallery-icon portrait'>\n\t\t\t\t<a href='https:\/\/2cvorhin.fr\/WordPress3\/?attachment_id=1769'><img loading=\"lazy\" decoding=\"async\" width=\"150\" height=\"150\" src=\"https:\/\/2cvorhin.fr\/WordPress3\/wp-content\/uploads\/2016\/04\/la-2cv-a-Gerard-150x150.jpg\" class=\"attachment-thumbnail size-thumbnail\" alt=\"la 2cv de Gerard\" aria-describedby=\"gallery-1-1769\" \/><\/a>\n\t\t\t<\/dt>\n\t\t\t\t<dd class='wp-caption-text gallery-caption' id='gallery-1-1769'>\n\t\t\t\tla 2cv de Gerard\n\t\t\t\t<\/dd><\/dl><dl class='gallery-item'>\n\t\t\t<dt class='gallery-icon landscape'>\n\t\t\t\t<a href='https:\/\/2cvorhin.fr\/WordPress3\/?attachment_id=1770'><img loading=\"lazy\" decoding=\"async\" width=\"150\" height=\"150\" src=\"https:\/\/2cvorhin.fr\/WordPress3\/wp-content\/uploads\/2016\/04\/La-2cv-a-Theo-150x150.jpg\" class=\"attachment-thumbnail size-thumbnail\" alt=\"La 2cv de Theo\" aria-describedby=\"gallery-1-1770\" \/><\/a>\n\t\t\t<\/dt>\n\t\t\t\t<dd class='wp-caption-text gallery-caption' id='gallery-1-1770'>\n\t\t\t\tLa 2cv de Theo\n\t\t\t\t<\/dd><\/dl><dl class='gallery-item'>\n\t\t\t<dt class='gallery-icon landscape'>\n\t\t\t\t<a href='https:\/\/2cvorhin.fr\/WordPress3\/?attachment_id=1771'><img loading=\"lazy\" decoding=\"async\" width=\"150\" height=\"150\" src=\"https:\/\/2cvorhin.fr\/WordPress3\/wp-content\/uploads\/2016\/04\/Miosotise-a-Michel--150x150.jpg\" class=\"attachment-thumbnail size-thumbnail\" alt=\"la 2CV de Michel\" aria-describedby=\"gallery-1-1771\" \/><\/a>\n\t\t\t<\/dt>\n\t\t\t\t<dd class='wp-caption-text gallery-caption' id='gallery-1-1771'>\n\t\t\t\tla 2CV de Michel\n\t\t\t\t<\/dd><\/dl><br style=\"clear: both\" \/><dl class='gallery-item'>\n\t\t\t<dt class='gallery-icon portrait'>\n\t\t\t\t<a href='https:\/\/2cvorhin.fr\/WordPress3\/?attachment_id=1772'><img loading=\"lazy\" decoding=\"async\" width=\"150\" height=\"150\" src=\"https:\/\/2cvorhin.fr\/WordPress3\/wp-content\/uploads\/2016\/04\/WP_20151224_012-150x150.jpg\" class=\"attachment-thumbnail size-thumbnail\" alt=\"La 2CV de Pascal W\" aria-describedby=\"gallery-1-1772\" srcset=\"https:\/\/2cvorhin.fr\/WordPress3\/wp-content\/uploads\/2016\/04\/WP_20151224_012-150x150.jpg 150w, https:\/\/2cvorhin.fr\/WordPress3\/wp-content\/uploads\/2016\/04\/WP_20151224_012-300x300.jpg 300w, https:\/\/2cvorhin.fr\/WordPress3\/wp-content\/uploads\/2016\/04\/WP_20151224_012-1022x1024.jpg 1022w, https:\/\/2cvorhin.fr\/WordPress3\/wp-content\/uploads\/2016\/04\/WP_20151224_012.jpg 1629w\" sizes=\"auto, (max-width: 150px) 100vw, 150px\" \/><\/a>\n\t\t\t<\/dt>\n\t\t\t\t<dd class='wp-caption-text gallery-caption' id='gallery-1-1772'>\n\t\t\t\tLa 2CV de Pascal W\n\t\t\t\t<\/dd><\/dl><dl class='gallery-item'>\n\t\t\t<dt class='gallery-icon landscape'>\n\t\t\t\t<a href='https:\/\/2cvorhin.fr\/WordPress3\/?attachment_id=1801'><img loading=\"lazy\" decoding=\"async\" width=\"150\" height=\"150\" src=\"https:\/\/2cvorhin.fr\/WordPress3\/wp-content\/uploads\/2016\/05\/la-2CV-de-Jocelyn-150x150.jpg\" class=\"attachment-thumbnail size-thumbnail\" alt=\"la 2CV de Jocelyn\" aria-describedby=\"gallery-1-1801\" \/><\/a>\n\t\t\t<\/dt>\n\t\t\t\t<dd class='wp-caption-text gallery-caption' id='gallery-1-1801'>\n\t\t\t\tla 2CV de Jocelyn\n\t\t\t\t<\/dd><\/dl><dl class='gallery-item'>\n\t\t\t<dt class='gallery-icon landscape'>\n\t\t\t\t<a href='https:\/\/2cvorhin.fr\/WordPress3\/?attachment_id=1802'><img loading=\"lazy\" decoding=\"async\" width=\"150\" height=\"150\" src=\"https:\/\/2cvorhin.fr\/WordPress3\/wp-content\/uploads\/2016\/05\/img237-150x150.jpg\" class=\"attachment-thumbnail size-thumbnail\" alt=\"la 2CV de Francis\" aria-describedby=\"gallery-1-1802\" \/><\/a>\n\t\t\t<\/dt>\n\t\t\t\t<dd class='wp-caption-text gallery-caption' id='gallery-1-1802'>\n\t\t\t\tla 2CV de Francis\n\t\t\t\t<\/dd><\/dl><br style=\"clear: both\" \/><dl class='gallery-item'>\n\t\t\t<dt class='gallery-icon landscape'>\n\t\t\t\t<a href='https:\/\/2cvorhin.fr\/WordPress3\/?attachment_id=2253'><img loading=\"lazy\" decoding=\"async\" width=\"150\" height=\"150\" src=\"https:\/\/2cvorhin.fr\/WordPress3\/wp-content\/uploads\/2018\/01\/V__FC3F-150x150.jpg\" class=\"attachment-thumbnail size-thumbnail\" alt=\"La 2CV de Luc S\" aria-describedby=\"gallery-1-2253\" \/><\/a>\n\t\t\t<\/dt>\n\t\t\t\t<dd class='wp-caption-text gallery-caption' id='gallery-1-2253'>\n\t\t\t\tLa 2CV de Luc S\n\t\t\t\t<\/dd><\/dl><dl class='gallery-item'>\n\t\t\t<dt class='gallery-icon portrait'>\n\t\t\t\t<a href='https:\/\/2cvorhin.fr\/WordPress3\/?attachment_id=1803'><img loading=\"lazy\" decoding=\"async\" width=\"150\" height=\"150\" src=\"https:\/\/2cvorhin.fr\/WordPress3\/wp-content\/uploads\/2016\/05\/img238-150x150.jpg\" class=\"attachment-thumbnail size-thumbnail\" alt=\"la GS de Francis\" aria-describedby=\"gallery-1-1803\" \/><\/a>\n\t\t\t<\/dt>\n\t\t\t\t<dd class='wp-caption-text gallery-caption' id='gallery-1-1803'>\n\t\t\t\tla GS de Francis\n\t\t\t\t<\/dd><\/dl><dl class='gallery-item'>\n\t\t\t<dt class='gallery-icon landscape'>\n\t\t\t\t<a href='https:\/\/2cvorhin.fr\/WordPress3\/?attachment_id=3190'><img loading=\"lazy\" decoding=\"async\" width=\"150\" height=\"150\" src=\"https:\/\/2cvorhin.fr\/WordPress3\/wp-content\/uploads\/2023\/02\/2CV_Patrice-150x150.jpg\" class=\"attachment-thumbnail size-thumbnail\" alt=\"La 2 CV de Patrice\" aria-describedby=\"gallery-1-3190\" \/><\/a>\n\t\t\t<\/dt>\n\t\t\t\t<dd class='wp-caption-text gallery-caption' id='gallery-1-3190'>\n\t\t\t\tLa 2 CV de Patrice\n\t\t\t\t<\/dd><\/dl><br style=\"clear: both\" \/>\n\t\t<\/div>\n\n","protected":false},"excerpt":{"rendered":"<p>Quelques photos des 2CV\u00a0 et d\u00e9riv\u00e9es Citro\u00ebn de nos membres.<\/p>\n","protected":false},"author":1,"featured_media":0,"parent":0,"menu_order":4,"comment_status":"closed","ping_status":"open","template":"","meta":{"_editorskit_title_hidden":false,"_editorskit_reading_time":0,"_editorskit_is_block_options_detached":false,"_editorskit_block_options_position":"{}","om_disable_all_campaigns":false,"footnotes":""},"class_list":["post-663","page","type-page","status-publish","hentry","nodate","item-wrap"],"_links":{"self":[{"href":"https:\/\/2cvorhin.fr\/WordPress3\/index.php?rest_route=\/wp\/v2\/pages\/663","targetHints":{"allow":["GET"]}}],"collection":[{"href":"https:\/\/2cvorhin.fr\/WordPress3\/index.php?rest_route=\/wp\/v2\/pages"}],"about":[{"href":"https:\/\/2cvorhin.fr\/WordPress3\/index.php?rest_route=\/wp\/v2\/types\/page"}],"author":[{"embeddable":true,"href":"https:\/\/2cvorhin.fr\/WordPress3\/index.php?rest_route=\/wp\/v2\/users\/1"}],"replies":[{"embeddable":true,"href":"https:\/\/2cvorhin.fr\/WordPress3\/index.php?rest_route=%2Fwp%2Fv2%2Fcomments&post=663"}],"version-history":[{"count":37,"href":"https:\/\/2cvorhin.fr\/WordPress3\/index.php?rest_route=\/wp\/v2\/pages\/663\/revisions"}],"predecessor-version":[{"id":4128,"href":"https:\/\/2cvorhin.fr\/WordPress3\/index.php?rest_route=\/wp\/v2\/pages\/663\/revisions\/4128"}],"wp:attachment":[{"href":"https:\/\/2cvorhin.fr\/WordPress3\/index.php?rest_route=%2Fwp%2Fv2%2Fmedia&parent=663"}],"curies":[{"name":"wp","href":"https:\/\/api.w.org\/{rel}","templated":true}]}}